{"id":547,"date":"2018-03-05T13:10:23","date_gmt":"2018-03-05T13:10:23","guid":{"rendered":"https:\/\/eiddo.qodeinteractive.com\/?page_id=547"},"modified":"2023-10-01T04:24:51","modified_gmt":"2023-10-01T04:24:51","slug":"about-us","status":"publish","type":"page","link":"https:\/\/riverestate.com.ec\/?page_id=547","title":{"rendered":"About Us"},"content":{"rendered":"<div class=\"wpb-content-wrapper\"><p>[vc_row row_content_width=\u00bbgrid\u00bb content_text_aligment=\u00bbcenter\u00bb parallax_background_image=\u00bb544&#8243; parallax_bg_height=\u00bb446&#8243;][vc_column]<div class=\"qodef-elements-holder   qodef-one-column  qodef-responsive-mode-768 \" ><div class=\"qodef-eh-item   qodef-horizontal-alignment-center \"  data-item-class=\"qodef-eh-custom-9080\" data-1280-1600=\"129px 19%\" data-1024-1280=\"129px 21%\" data-768-1024=\"113px 7% 134px\" data-680-768=\"113px 0 134px\" data-680=\"113px 0 134px\">\n\t<div class=\"qodef-eh-item-inner\">\n\t\t<div class=\"qodef-eh-item-content qodef-eh-custom-9080\" style=\"padding: 129px 24%\">\n\t\t\t<h2 class=\"qodef-custom-font-holder  qodef-cf-9055  \" style=\"font-size: 72px;line-height: 64px;color: #ffffff\" data-item-class=\"qodef-cf-9055\" data-font-size-680=\"57px\">\n\tSobre nosotros<\/h2><p class=\"qodef-custom-font-holder  qodef-cf-1679  \" style=\"font-size: 18px;color: #ffffff\" data-item-class=\"qodef-cf-1679\">\n\tEn el competitivo mundo de los bienes ra\u00edces, es fundamental contar con una empresa confiable y profesional que nos gu\u00ede en el proceso de compra, venta o alquiler de propiedades. En este sentido, nuestra empresa se destaca por ofrecer un servicio integral y de calidad en la ciudad de Cuenca, Ecuador.<\/p>\t\t<\/div>\n\t<\/div>\n<\/div><\/div>[\/vc_column][\/vc_row][vc_row row_content_width=\u00bbgrid\u00bb simple_background_color=\u00bb#ffffff\u00bb css=\u00bb.vc_custom_1520260821779{padding-top: 140px !important;padding-bottom: 140px !important;}\u00bb][vc_column offset=\u00bbvc_col-lg-6 vc_col-md-12&#8243;]<div class=\"qodef-elements-holder   qodef-one-column  qodef-responsive-mode-768 \" ><div class=\"qodef-eh-item    \"  data-item-class=\"qodef-eh-custom-4330\">\n\t<div class=\"qodef-eh-item-inner\">\n\t\t<div class=\"qodef-eh-item-content qodef-eh-custom-4330\" style=\"padding: 0 0 0 0\">\n\t\t\t[vc_single_image image=\u00bb577&#8243; img_size=\u00bbfull\u00bb]\t\t<\/div>\n\t<\/div>\n<\/div><\/div>[\/vc_column][vc_column offset=\u00bbvc_col-lg-6 vc_col-md-12&#8243;]<div class=\"qodef-elements-holder   qodef-one-column  qodef-responsive-mode-768 \" ><div class=\"qodef-eh-item    \"  data-item-class=\"qodef-eh-custom-4202\" data-1280-1600=\"71px 0px 0 60px\" data-1024-1280=\"71px 7px 0 60px\" data-768-1024=\"45px 0 0 0\" data-680-768=\"45px 0 0 0\" data-680=\"45px 0 0 0\">\n\t<div class=\"qodef-eh-item-inner\">\n\t\t<div class=\"qodef-eh-item-content qodef-eh-custom-4202\" style=\"padding: 96px 7px 0 60px\">\n\t\t\t<div\n    class=\"qodef-section-title-holder  qodef-st-standard qodef-st-title-left qodef-st-normal-space \" >\n    <div class=\"qodef-st-inner\">\n                    <div class=\"qodef-st-label\">\n                Buscar lugares            <\/div>\n        <h1 class=\"qodef-st-title\" >Experiencias de la gente<\/h1><p class=\"qodef-st-text\" style=\"margin-top: 11px\">Encuentra el mejor lugar para establecer tu hogar el cual disfrutaras toda la vida.<\/p>    <\/div>\n<\/div>[vc_empty_space height=\u00bb9px\u00bb][vc_column_text]<\/p>\n<blockquote><p>\u00abQue no los haya f\u00e1ciles, pero en verdad el eros y el accumsan y el odio leg\u00edtimo del dignissim que halaga al actual miserable zzril borra la propaganda de vuestro dolor, que no los haya f\u00e1ciles\u00bb.<\/p><\/blockquote>\n<p>[\/vc_column_text][vc_empty_space height=\u00bb30px\u00bb]<a itemprop=\"url\" href=\"https:\/\/riverestate.com.ec\/?page_id=618\" target=\"_self\" style=\"background-color: #2360a6\" class=\"qodef-btn qodef-btn-medium qodef-btn-solid qodef-btn-custom-hover-bg\" data-hover-bg-color=\"#04356b\" >\n    <span class=\"qodef-btn-text\">Encuentra tu Hogar<\/span>\n    <\/a>\t\t<\/div>\n\t<\/div>\n<\/div><\/div>[\/vc_column][\/vc_row][vc_row css=\u00bb.vc_custom_1519997747827{padding-right: 10px !important;padding-left: 10px !important;}\u00bb simple_background_color=\u00bb#ffffff\u00bb][vc_column]<div class=\"qodef-agency-agent-list qodef-tiny-space qodef-aal-five-columns\">\n\t<ul class=\"qodef-aal-inner qodef-outer-space\">\n\t\t\t<\/ul>\n<\/div>[\/vc_column][\/vc_row][vc_row row_content_width=\u00bbgrid\u00bb css=\u00bb.vc_custom_1520260777087{padding-top: 109px !important;padding-bottom: 140px !important;}\u00bb simple_background_color=\u00bb#ffffff\u00bb][vc_column offset=\u00bbvc_col-lg-7 vc_col-md-12&#8243;]<div class=\"qodef-elements-holder   qodef-one-column  qodef-responsive-mode-768 \" ><div class=\"qodef-eh-item    \"  data-item-class=\"qodef-eh-custom-5431\" data-1280-1600=\"16px 0% 0 0\" data-1024-1280=\"19px 0% 0 0\" data-768-1024=\"0 0 50px 0\" data-680-768=\"0 0 50px 0\" data-680=\"0 0 50px 0\">\n\t<div class=\"qodef-eh-item-inner\">\n\t\t<div class=\"qodef-eh-item-content qodef-eh-custom-5431\" style=\"padding: 19px 7% 0 0\">\n\t\t\t<div\n    class=\"qodef-section-title-holder  qodef-st-standard qodef-st-title-left qodef-st-normal-space \" >\n    <div class=\"qodef-st-inner\">\n        <h1 class=\"qodef-st-title\" >\u00bfBuscando los mejores lugares?<\/h1><p class=\"qodef-st-text\" style=\"margin-top: 11px\">Nosotros tenemos los inmuebles que t\u00fa necesitas.<\/p>    <\/div>\n<\/div>[vc_empty_space height=\u00bb30px\u00bb]<a itemprop=\"url\" href=\"https:\/\/riverestate.com.ec\/?page_id=618\" target=\"_self\" style=\"background-color: #2360a6\" class=\"qodef-btn qodef-btn-medium qodef-btn-solid qodef-btn-custom-hover-bg\" data-hover-bg-color=\"#04356b\" >\n    <span class=\"qodef-btn-text\">Buscar Inmuebles<\/span>\n    <\/a>\t\t<\/div>\n\t<\/div>\n<\/div><\/div>[\/vc_column][vc_column offset=\u00bbvc_col-lg-5 vc_col-md-12&#8243;]<div class=\"qodef-elements-holder   qodef-one-column  qodef-responsive-mode-768 \" ><div class=\"qodef-eh-item    \"  data-item-class=\"qodef-eh-custom-7724\" data-1280-1600=\"0 0 0 27px\" data-1024-1280=\"0 0 0 27px\" data-768-1024=\"0 0 0 0\" data-680-768=\"0 0 0 0\" data-680=\"0 0 0 0\">\n\t<div class=\"qodef-eh-item-inner\">\n\t\t<div class=\"qodef-eh-item-content qodef-eh-custom-7724\" style=\"padding: 0 0 0 69px\">\n\t\t\t[vc_single_image image=\u00bb578&#8243; img_size=\u00bbfull\u00bb]\t\t<\/div>\n\t<\/div>\n<\/div><\/div>[\/vc_column][\/vc_row]<\/p>\n<\/div>","protected":false},"excerpt":{"rendered":"<p>[vc_row row_content_width=\u00bbgrid\u00bb content_text_aligment=\u00bbcenter\u00bb parallax_background_image=\u00bb544&#8243; parallax_bg_height=\u00bb446&#8243;][vc_column][\/vc_column][\/vc_row][vc_row row_content_width=\u00bbgrid\u00bb simple_background_color=\u00bb#ffffff\u00bb css=\u00bb.vc_custom_1520260821779{padding-top: 140px !important;padding-bottom: 140px !important;}\u00bb][vc_column offset=\u00bbvc_col-lg-6 vc_col-md-12&#8243;][\/vc_column][vc_column offset=\u00bbvc_col-lg-6 vc_col-md-12&#8243;][\/vc_column][\/vc_row][vc_row css=\u00bb.vc_custom_1519997747827{padding-right: 10px !important;padding-left: 10px !important;}\u00bb simple_background_color=\u00bb#ffffff\u00bb][vc_column][\/vc_column][\/vc_row][vc_row row_content_width=\u00bbgrid\u00bb css=\u00bb.vc_custom_1520260777087{padding-top: 109px !important;padding-bottom: 140px !important;}\u00bb simple_background_color=\u00bb#ffffff\u00bb][vc_column offset=\u00bbvc_col-lg-7 vc_col-md-12&#8243;][\/vc_column][vc_column offset=\u00bbvc_col-lg-5 vc_col-md-12&#8243;][\/vc_column][\/vc_row]<\/p>\n","protected":false},"author":1,"featured_media":0,"parent":0,"menu_order":0,"comment_status":"closed","ping_status":"closed","template":"full-width.php","meta":{"_joinchat":[],"footnotes":""},"class_list":["post-547","page","type-page","status-publish","hentry"],"_links":{"self":[{"href":"https:\/\/riverestate.com.ec\/index.php?rest_route=\/wp\/v2\/pages\/547","targetHints":{"allow":["GET"]}}],"collection":[{"href":"https:\/\/riverestate.com.ec\/index.php?rest_route=\/wp\/v2\/pages"}],"about":[{"href":"https:\/\/riverestate.com.ec\/index.php?rest_route=\/wp\/v2\/types\/page"}],"author":[{"embeddable":true,"href":"https:\/\/riverestate.com.ec\/index.php?rest_route=\/wp\/v2\/users\/1"}],"replies":[{"embeddable":true,"href":"https:\/\/riverestate.com.ec\/index.php?rest_route=%2Fwp%2Fv2%2Fcomments&post=547"}],"version-history":[{"count":3,"href":"https:\/\/riverestate.com.ec\/index.php?rest_route=\/wp\/v2\/pages\/547\/revisions"}],"predecessor-version":[{"id":2368,"href":"https:\/\/riverestate.com.ec\/index.php?rest_route=\/wp\/v2\/pages\/547\/revisions\/2368"}],"wp:attachment":[{"href":"https:\/\/riverestate.com.ec\/index.php?rest_route=%2Fwp%2Fv2%2Fmedia&parent=547"}],"curies":[{"name":"wp","href":"https:\/\/api.w.org\/{rel}","templated":true}]}}